{"id":7653,"date":"2020-05-12T08:50:00","date_gmt":"2020-05-12T11:50:00","guid":{"rendered":"http:\/\/localhost\/editais\/?page_id=7653"},"modified":"2020-05-14T11:24:15","modified_gmt":"2020-05-14T14:24:15","slug":"editais-pos","status":"publish","type":"page","link":"https:\/\/ead.unicentro.br\/editais\/editais-pos\/","title":{"rendered":"P\u00f3s-gradua\u00e7\u00e3o"},"content":{"rendered":"","protected":false},"excerpt":{"rendered":"","protected":false},"author":3,"featured_media":0,"parent":0,"menu_order":0,"comment_status":"closed","ping_status":"closed","template":"","meta":{"_acf_changed":false,"_exactmetrics_skip_tracking":false,"_exactmetrics_sitenote_active":false,"_exactmetrics_sitenote_note":"","_exactmetrics_sitenote_category":0,"footnotes":""},"class_list":["post-7653","page","type-page","status-publish","hentry"],"acf":[],"_links":{"self":[{"href":"https:\/\/ead.unicentro.br\/editais\/wp-json\/wp\/v2\/pages\/7653","targetHints":{"allow":["GET"]}}],"collection":[{"href":"https:\/\/ead.unicentro.br\/editais\/wp-json\/wp\/v2\/pages"}],"about":[{"href":"https:\/\/ead.unicentro.br\/editais\/wp-json\/wp\/v2\/types\/page"}],"author":[{"embeddable":true,"href":"https:\/\/ead.unicentro.br\/editais\/wp-json\/wp\/v2\/users\/3"}],"replies":[{"embeddable":true,"href":"https:\/\/ead.unicentro.br\/editais\/wp-json\/wp\/v2\/comments?post=7653"}],"version-history":[{"count":1,"href":"https:\/\/ead.unicentro.br\/editais\/wp-json\/wp\/v2\/pages\/7653\/revisions"}],"predecessor-version":[{"id":7711,"href":"https:\/\/ead.unicentro.br\/editais\/wp-json\/wp\/v2\/pages\/7653\/revisions\/7711"}],"wp:attachment":[{"href":"https:\/\/ead.unicentro.br\/editais\/wp-json\/wp\/v2\/media?parent=7653"}],"curies":[{"name":"wp","href":"https:\/\/api.w.org\/{rel}","templated":true}]}}